{"id":1294,"date":"2020-07-16T05:46:06","date_gmt":"2020-07-16T05:46:06","guid":{"rendered":"http:\/\/antonios.es\/menu-diario\/"},"modified":"2024-04-25T11:06:38","modified_gmt":"2024-04-25T11:06:38","slug":"menu-diario","status":"publish","type":"page","link":"https:\/\/antonios.es\/es\/menu-diario\/","title":{"rendered":"Menu Diario"},"content":{"rendered":"\t\t<div data-elementor-type=\"wp-page\" data-elementor-id=\"1294\" class=\"elementor elementor-1294 elementor-138\">\n\t\t\t\t\t\t<section class=\"elementor-section elementor-top-section elementor-element elementor-element-91ba8b1 elementor-section-boxed elementor-section-height-default elementor-section-height-default\" data-id=\"91ba8b1\" data-element_type=\"section\" data-settings=\"{&quot;background_background&quot;:&quot;classic&quot;}\">\n\t\t\t\t\t\t\t<div class=\"elementor-background-overlay\"><\/div>\n\t\t\t\t\t\t\t<div class=\"elementor-container elementor-column-gap-no\">\n\t\t\t\t\t<div class=\"elementor-column elementor-col-100 elementor-top-column elementor-element elementor-element-e3543b8\" data-id=\"e3543b8\" data-element_type=\"column\">\n\t\t\t<div class=\"elementor-widget-wrap elementor-element-populated\">\n\t\t\t\t\t\t<div class=\"elementor-element elementor-element-dafce1c elementor-widget elementor-widget-heading\" data-id=\"dafce1c\" data-element_type=\"widget\" data-widget_type=\"heading.default\">\n\t\t\t\t<div class=\"elementor-widget-container\">\n\t\t\t\t\t<h1 class=\"elementor-heading-title elementor-size-default\">men\u00fa diario<\/h1>\t\t\t\t<\/div>\n\t\t\t\t<\/div>\n\t\t\t\t<div class=\"elementor-element elementor-element-4f27047 elementor-widget-divider--view-line elementor-widget elementor-widget-divider\" data-id=\"4f27047\" data-element_type=\"widget\" data-widget_type=\"divider.default\">\n\t\t\t\t<div class=\"elementor-widget-container\">\n\t\t\t\t\t\t\t<div class=\"elementor-divider\">\n\t\t\t<span class=\"elementor-divider-separator\">\n\t\t\t\t\t\t<\/span>\n\t\t<\/div>\n\t\t\t\t\t\t<\/div>\n\t\t\t\t<\/div>\n\t\t\t\t\t<\/div>\n\t\t<\/div>\n\t\t\t\t\t<\/div>\n\t\t<\/section>\n\t\t\t\t<section class=\"elementor-section elementor-top-section elementor-element elementor-element-279f7c3 elementor-section-boxed elementor-section-height-default elementor-section-height-default\" data-id=\"279f7c3\" data-element_type=\"section\" data-settings=\"{&quot;background_background&quot;:&quot;classic&quot;}\">\n\t\t\t\t\t\t<div class=\"elementor-container elementor-column-gap-no\">\n\t\t\t\t\t<div class=\"elementor-column elementor-col-100 elementor-top-column elementor-element elementor-element-ae25690\" data-id=\"ae25690\" data-element_type=\"column\">\n\t\t\t<div class=\"elementor-widget-wrap elementor-element-populated\">\n\t\t\t\t\t\t<section class=\"elementor-section elementor-inner-section elementor-element elementor-element-06f0fb1 elementor-section-boxed elementor-section-height-default elementor-section-height-default\" data-id=\"06f0fb1\" data-element_type=\"section\">\n\t\t\t\t\t\t<div class=\"elementor-container elementor-column-gap-no\">\n\t\t\t\t\t<div class=\"elementor-column elementor-col-50 elementor-inner-column elementor-element elementor-element-f5424f5\" data-id=\"f5424f5\" data-element_type=\"column\">\n\t\t\t<div class=\"elementor-widget-wrap\">\n\t\t\t\t\t\t\t<\/div>\n\t\t<\/div>\n\t\t\t\t<div class=\"elementor-column elementor-col-50 elementor-inner-column elementor-element elementor-element-5c05117\" data-id=\"5c05117\" data-element_type=\"column\">\n\t\t\t<div class=\"elementor-widget-wrap elementor-element-populated\">\n\t\t\t\t\t\t<div class=\"elementor-element elementor-element-f57d223 elementor-widget elementor-widget-heading\" data-id=\"f57d223\" data-element_type=\"widget\" data-widget_type=\"heading.default\">\n\t\t\t\t<div class=\"elementor-widget-container\">\n\t\t\t\t\t<h3 class=\"elementor-heading-title elementor-size-default\">MEN\u00da DIARIO<\/h3>\t\t\t\t<\/div>\n\t\t\t\t<\/div>\n\t\t\t\t<div class=\"elementor-element elementor-element-d1d6fd0 elementor-widget elementor-widget-shortcode\" data-id=\"d1d6fd0\" data-element_type=\"widget\" data-widget_type=\"shortcode.default\">\n\t\t\t\t<div class=\"elementor-widget-container\">\n\t\t\t\t\t\t\t<div class=\"elementor-shortcode\"><span style='display: none;' class='plubo-shortcode' data-tag='referent-menu'><\/span><p><span class=\"Apple-converted-space\">\u00a0<\/span>Men\u00fa 10\/04\/26<\/p>\n<p><b>16,00<\/b><b>\u20ac<\/b><\/p>\n<p><b>Primero take away 5,5\u20ac<\/b><\/p>\n<p>-ESPAGUETIS A LA MALLORQUINA<\/p>\n<p>-ENSALADA DE LENTEJAS, QUESO AZUL Y PICADILLO\/AMANIDA DE LLENTIES, FORMATGE BLAU I PICADETA<\/p>\n<p>-CREMA DE CALABAZA Y CALABACIN CON COUS COUS\/CREMA DE CARBASSA I CARBASSO AMB COUS COUS<span class=\"Apple-converted-space\">\u00a0<\/span><\/p>\n<p>-GYOZAS DE POLLO Y VERDURAS CON CURRY DE VERDURAS\/GYOZES DE POLLASTRE I VERDURES AMB CURRY DE VERDURES<\/p>\n<p>-SALMOREJO CON HUEVO DURO Y JAMON\/SALMOREJO AMB OU DUR I PERNIL<\/p>\n<p><b>Segundo take away 6,5\u20ac<\/b><\/p>\n<p>-BURGUER DE JUDIAS CON ROMESCO Y PIMIENTO DE PIQUILLO\/BURGUER DE MONGETES AMB ROMESCO I PEBROT DEL PIQUILLO<span class=\"Apple-converted-space\">\u00a0<\/span><\/p>\n<p>-CHURRASCO DE TERNERA CON CHIMICHURRI\/XURRASCO DE VEDELLA AMB XIMIXURRI<span class=\"Apple-converted-space\">\u00a0<\/span><\/p>\n<p>-MUSLO DE POLLO AL HORNO CON NARANJA, COMINO Y OREGANO\/CUIXA DE POLLASTRE AL FORN AMB TARONJA, CORIANDRE I ORENGA<\/p>\n<p>-BARAT CON PESTO Y PURE DE PATATA\/VERAT AMB PESTO I PURE DE PATATA<\/p>\n<p>-BURGUER DE POLLO CON SALSA GAUCHA\/BURGUER DE POLLATRE AMB SALSA GAUCHA<\/p>\n<p>-BUTIFARRA DE ROVELLONS CON JUDIAS SALTEADAS\/BOTIFARRA DE ROVELLONS AMB MONGETES SALTEJADES<\/p>\n<p>-SOLOMILLO DE CERDO CON SALSA ROQUEFORT\/FILET DE PORC AMB SALSA ROCAFORT<\/p>\n<p><b>(PARA VEGANOS Y VEGETARIANOS TB HAY OPCION DE BURGUER DE PROTEINA DE GUISANTES Y BOCADITOS DE NO POLLO DE LA MARCA HEURA)<\/b><\/p>\n<p>POSTRES CASEROS\/POSTRES CASOLANS<\/p>\n<p><b>TARTA DE QUESO<\/b>\/TIRAMIS\u00da\/<b>PANACOTA CAFE Y BAILEYS<\/b>\/PANACOTA DE NATA\/<b>BUNYOLS DE VENT<\/b><\/p>\n<p><b>HELADOS:CONO DE LIMON, CONO TURRON\/CONO VAINILLA Y CHOCOLATE\/CONO DE NATA<span class=\"Apple-converted-space\">\u00a0<\/span><\/b><\/p>\n<p><b>FRUTA: PI\u00d1A, PLATANO<\/b><\/p>\n<p>\u2013 SI ERES VEGETARIANO O VEGANO PREGUNTANOS<br \/>\n- EL MENU INCLUYE: UNA BEBIDA POR PERSONA (AGUA O REFRESCO O VINO O CERVEZA) PRIMERO, SEGUNDO, POSTRE, PAN CAF\u00c9, CORTADO O INFUSION (EL CARAJILLO TIENE SUPLEMENTO DE 0,50\u20ac)<br \/>\nMEDIO MEN\u00da PRIMERO 12\u20ac\/\/ MEDIO MEN\u00da SEGUNDO 12,50\u20ac\/\/MENU 2 SEGUNDOS 18\u20ac<\/p>\n<p>Si tienes intolerancias o alergias pregunte al camarero. Al\u00e9rgenos e intolerancias Alimentar\u00eda seg\u00fan el Reglamento UE 1169\/2011 y RD 126\/2015<\/p>\n<\/div>\n\t\t\t\t\t\t<\/div>\n\t\t\t\t<\/div>\n\t\t\t\t\t<\/div>\n\t\t<\/div>\n\t\t\t\t\t<\/div>\n\t\t<\/section>\n\t\t\t\t\t<\/div>\n\t\t<\/div>\n\t\t\t\t\t<\/div>\n\t\t<\/section>\n\t\t\t\t<section class=\"elementor-section elementor-top-section elementor-element elementor-element-b475830 elementor-section-boxed elementor-section-height-default elementor-section-height-default\" data-id=\"b475830\" data-element_type=\"section\" data-settings=\"{&quot;background_background&quot;:&quot;classic&quot;}\">\n\t\t\t\t\t\t<div class=\"elementor-container elementor-column-gap-default\">\n\t\t\t\t\t<div class=\"elementor-column elementor-col-100 elementor-top-column elementor-element elementor-element-5de1077\" data-id=\"5de1077\" data-element_type=\"column\">\n\t\t\t<div class=\"elementor-widget-wrap elementor-element-populated\">\n\t\t\t\t\t\t<div class=\"elementor-element elementor-element-df3a326 elementor-widget-divider--view-line elementor-widget elementor-widget-divider\" data-id=\"df3a326\" data-element_type=\"widget\" data-widget_type=\"divider.default\">\n\t\t\t\t<div class=\"elementor-widget-container\">\n\t\t\t\t\t\t\t<div class=\"elementor-divider\">\n\t\t\t<span class=\"elementor-divider-separator\">\n\t\t\t\t\t\t<\/span>\n\t\t<\/div>\n\t\t\t\t\t\t<\/div>\n\t\t\t\t<\/div>\n\t\t\t\t\t<\/div>\n\t\t<\/div>\n\t\t\t\t\t<\/div>\n\t\t<\/section>\n\t\t\t\t<section class=\"elementor-section elementor-top-section elementor-element elementor-element-1008f948 elementor-section-boxed elementor-section-height-default elementor-section-height-default\" data-id=\"1008f948\" data-element_type=\"section\" data-settings=\"{&quot;background_background&quot;:&quot;classic&quot;}\">\n\t\t\t\t\t\t<div class=\"elementor-container elementor-column-gap-no\">\n\t\t\t\t\t<div class=\"elementor-column elementor-col-100 elementor-top-column elementor-element elementor-element-8db7263\" data-id=\"8db7263\" data-element_type=\"column\">\n\t\t\t<div class=\"elementor-widget-wrap elementor-element-populated\">\n\t\t\t\t\t\t<div class=\"elementor-element elementor-element-577a482d elementor-widget elementor-widget-heading\" data-id=\"577a482d\" data-element_type=\"widget\" data-widget_type=\"heading.default\">\n\t\t\t\t<div class=\"elementor-widget-container\">\n\t\t\t\t\t<h2 class=\"elementor-heading-title elementor-size-default\">RESERVA TU MESA<\/h2>\t\t\t\t<\/div>\n\t\t\t\t<\/div>\n\t\t\t\t<div class=\"elementor-element elementor-element-34c620bd elementor-widget elementor-widget-text-editor\" data-id=\"34c620bd\" data-element_type=\"widget\" data-widget_type=\"text-editor.default\">\n\t\t\t\t<div class=\"elementor-widget-container\">\n\t\t\t\t\t\t\t\t\t<p>Haz tu reserva ahora llamada por tel\u00e9fono o rellenando nuestro formulario de solicitud de reserva, te responderemos lo antes posible.<\/p>\n\t\t\t\t\t\t\t\t<\/div>\n\t\t\t\t<\/div>\n\t\t\t\t<div class=\"elementor-element elementor-element-1606b575 elementor-align-center elementor-widget elementor-widget-button\" data-id=\"1606b575\" data-element_type=\"widget\" data-widget_type=\"button.default\">\n\t\t\t\t<div class=\"elementor-widget-container\">\n\t\t\t\t\t\t\t\t\t<div class=\"elementor-button-wrapper\">\n\t\t\t\t\t<a class=\"elementor-button elementor-button-link elementor-size-sm\" href=\"https:\/\/antonios.es\/es\/reservas\/\">\n\t\t\t\t\t\t<span class=\"elementor-button-content-wrapper\">\n\t\t\t\t\t\t\t\t\t<span class=\"elementor-button-text\">Quiero mesa<\/span>\n\t\t\t\t\t<\/span>\n\t\t\t\t\t<\/a>\n\t\t\t\t<\/div>\n\t\t\t\t\t\t\t\t<\/div>\n\t\t\t\t<\/div>\n\t\t\t\t<div class=\"elementor-element elementor-element-6c69c34d elementor-widget elementor-widget-heading\" data-id=\"6c69c34d\" data-element_type=\"widget\" data-widget_type=\"heading.default\">\n\t\t\t\t<div class=\"elementor-widget-container\">\n\t\t\t\t\t<h6 class=\"elementor-heading-title elementor-size-default\">Tel\u00e9fonos para reservas<\/h6>\t\t\t\t<\/div>\n\t\t\t\t<\/div>\n\t\t\t\t<div class=\"elementor-element elementor-element-8d8e858 elementor-widget elementor-widget-heading\" data-id=\"8d8e858\" data-element_type=\"widget\" data-widget_type=\"heading.default\">\n\t\t\t\t<div class=\"elementor-widget-container\">\n\t\t\t\t\t<div class=\"elementor-heading-title elementor-size-default\"><a href=\"#\">932 25 13 29<\/a><\/div>\t\t\t\t<\/div>\n\t\t\t\t<\/div>\n\t\t\t\t<div class=\"elementor-element elementor-element-3cc6cf90 elementor-widget elementor-widget-heading\" data-id=\"3cc6cf90\" data-element_type=\"widget\" data-widget_type=\"heading.default\">\n\t\t\t\t<div class=\"elementor-widget-container\">\n\t\t\t\t\t<div class=\"elementor-heading-title elementor-size-default\"><a href=\"#\">610 641 457<\/a><\/div>\t\t\t\t<\/div>\n\t\t\t\t<\/div>\n\t\t\t\t\t<\/div>\n\t\t<\/div>\n\t\t\t\t\t<\/div>\n\t\t<\/section>\n\t\t\t\t<\/div>\n\t\t","protected":false},"excerpt":{"rendered":"<p>men\u00fa diario MEN\u00da DIARIO RESERVA TU MESA Haz tu reserva ahora llamada por tel\u00e9fono o rellenando nuestro formulario de solicitud de reserva, te responderemos lo antes posible. Quiero mesa Tel\u00e9fonos para reservas 932 25 13 29 610 641 457<\/p>\n","protected":false},"author":1,"featured_media":0,"parent":0,"menu_order":0,"comment_status":"closed","ping_status":"closed","template":"","meta":{"site-sidebar-layout":"no-sidebar","site-content-layout":"page-builder","ast-site-content-layout":"","site-content-style":"default","site-sidebar-style":"default","ast-global-header-display":"","ast-banner-title-visibility":"","ast-main-header-display":"","ast-hfb-above-header-display":"","ast-hfb-below-header-display":"","ast-hfb-mobile-header-display":"","site-post-title":"disabled","ast-breadcrumbs-content":"","ast-featured-img":"disabled","footer-sml-layout":"","theme-transparent-header-meta":"enabled","adv-header-id-meta":"","stick-header-meta":"","header-above-stick-meta":"","header-main-stick-meta":"","header-below-stick-meta":"","astra-migrate-meta-layouts":"default","ast-page-background-enabled":"default","ast-page-background-meta":{"desktop":{"background-color":"","background-image":"","background-repeat":"repeat","background-position":"center center","background-size":"auto","background-attachment":"scroll","background-type":"","background-media":"","overlay-type":"","overlay-color":"","overlay-opacity":"","overlay-gradient":""},"tablet":{"background-color":"","background-image":"","background-repeat":"repeat","background-position":"center center","background-size":"auto","background-attachment":"scroll","background-type":"","background-media":"","overlay-type":"","overlay-color":"","overlay-opacity":"","overlay-gradient":""},"mobile":{"background-color":"","background-image":"","background-repeat":"repeat","background-position":"center center","background-size":"auto","background-attachment":"scroll","background-type":"","background-media":"","overlay-type":"","overlay-color":"","overlay-opacity":"","overlay-gradient":""}},"ast-content-background-meta":{"desktop":{"background-color":"var(--ast-global-color-5)","background-image":"","background-repeat":"repeat","background-position":"center center","background-size":"auto","background-attachment":"scroll","background-type":"","background-media":"","overlay-type":"","overlay-color":"","overlay-opacity":"","overlay-gradient":""},"tablet":{"background-color":"var(--ast-global-color-5)","background-image":"","background-repeat":"repeat","background-position":"center center","background-size":"auto","background-attachment":"scroll","background-type":"","background-media":"","overlay-type":"","overlay-color":"","overlay-opacity":"","overlay-gradient":""},"mobile":{"background-color":"var(--ast-global-color-5)","background-image":"","background-repeat":"repeat","background-position":"center center","background-size":"auto","background-attachment":"scroll","background-type":"","background-media":"","overlay-type":"","overlay-color":"","overlay-opacity":"","overlay-gradient":""}},"footnotes":""},"class_list":["post-1294","page","type-page","status-publish","hentry"],"_links":{"self":[{"href":"https:\/\/antonios.es\/es\/wp-json\/wp\/v2\/pages\/1294","targetHints":{"allow":["GET"]}}],"collection":[{"href":"https:\/\/antonios.es\/es\/wp-json\/wp\/v2\/pages"}],"about":[{"href":"https:\/\/antonios.es\/es\/wp-json\/wp\/v2\/types\/page"}],"author":[{"embeddable":true,"href":"https:\/\/antonios.es\/es\/wp-json\/wp\/v2\/users\/1"}],"replies":[{"embeddable":true,"href":"https:\/\/antonios.es\/es\/wp-json\/wp\/v2\/comments?post=1294"}],"version-history":[{"count":3,"href":"https:\/\/antonios.es\/es\/wp-json\/wp\/v2\/pages\/1294\/revisions"}],"predecessor-version":[{"id":1631,"href":"https:\/\/antonios.es\/es\/wp-json\/wp\/v2\/pages\/1294\/revisions\/1631"}],"wp:attachment":[{"href":"https:\/\/antonios.es\/es\/wp-json\/wp\/v2\/media?parent=1294"}],"curies":[{"name":"wp","href":"https:\/\/api.w.org\/{rel}","templated":true}]}}