{"id":1301,"date":"2023-03-17T19:20:44","date_gmt":"2023-03-17T19:20:44","guid":{"rendered":"http:\/\/antonios.es\/menus-grupos\/"},"modified":"2025-12-12T07:53:02","modified_gmt":"2025-12-12T07:53:02","slug":"menus-grupos","status":"publish","type":"page","link":"https:\/\/antonios.es\/es\/menus-grupos\/","title":{"rendered":"Menus Grupos"},"content":{"rendered":"\t\t<div data-elementor-type=\"wp-page\" data-elementor-id=\"1301\" class=\"elementor elementor-1301 elementor-839\">\n\t\t\t\t\t\t<section class=\"elementor-section elementor-top-section elementor-element elementor-element-91ba8b1 elementor-section-boxed elementor-section-height-default elementor-section-height-default\" data-id=\"91ba8b1\" data-element_type=\"section\" data-settings=\"{&quot;background_background&quot;:&quot;classic&quot;}\">\n\t\t\t\t\t\t\t<div class=\"elementor-background-overlay\"><\/div>\n\t\t\t\t\t\t\t<div class=\"elementor-container elementor-column-gap-no\">\n\t\t\t\t\t<div class=\"elementor-column elementor-col-100 elementor-top-column elementor-element elementor-element-e3543b8\" data-id=\"e3543b8\" data-element_type=\"column\">\n\t\t\t<div class=\"elementor-widget-wrap elementor-element-populated\">\n\t\t\t\t\t\t<div class=\"elementor-element elementor-element-dafce1c elementor-widget elementor-widget-heading\" data-id=\"dafce1c\" data-element_type=\"widget\" data-widget_type=\"heading.default\">\n\t\t\t\t<div class=\"elementor-widget-container\">\n\t\t\t\t\t<h1 class=\"elementor-heading-title elementor-size-default\">Menus Grupos<\/h1>\t\t\t\t<\/div>\n\t\t\t\t<\/div>\n\t\t\t\t<div class=\"elementor-element elementor-element-4f27047 elementor-widget-divider--view-line elementor-widget elementor-widget-divider\" data-id=\"4f27047\" data-element_type=\"widget\" data-widget_type=\"divider.default\">\n\t\t\t\t<div class=\"elementor-widget-container\">\n\t\t\t\t\t\t\t<div class=\"elementor-divider\">\n\t\t\t<span class=\"elementor-divider-separator\">\n\t\t\t\t\t\t<\/span>\n\t\t<\/div>\n\t\t\t\t\t\t<\/div>\n\t\t\t\t<\/div>\n\t\t\t\t\t<\/div>\n\t\t<\/div>\n\t\t\t\t\t<\/div>\n\t\t<\/section>\n\t\t\t\t<section class=\"elementor-section elementor-top-section elementor-element elementor-element-279f7c3 elementor-section-boxed elementor-section-height-default elementor-section-height-default\" data-id=\"279f7c3\" data-element_type=\"section\" data-settings=\"{&quot;background_background&quot;:&quot;classic&quot;}\">\n\t\t\t\t\t\t<div class=\"elementor-container elementor-column-gap-no\">\n\t\t\t\t\t<div class=\"elementor-column elementor-col-100 elementor-top-column elementor-element elementor-element-ae25690\" data-id=\"ae25690\" data-element_type=\"column\">\n\t\t\t<div class=\"elementor-widget-wrap elementor-element-populated\">\n\t\t\t\t\t\t<section class=\"elementor-section elementor-inner-section elementor-element elementor-element-06f0fb1 elementor-section-boxed elementor-section-height-default elementor-section-height-default\" data-id=\"06f0fb1\" data-element_type=\"section\">\n\t\t\t\t\t\t<div class=\"elementor-container elementor-column-gap-no\">\n\t\t\t\t\t<div class=\"elementor-column elementor-col-50 elementor-inner-column elementor-element elementor-element-f5424f5\" data-id=\"f5424f5\" data-element_type=\"column\">\n\t\t\t<div class=\"elementor-widget-wrap\">\n\t\t\t\t\t\t\t<\/div>\n\t\t<\/div>\n\t\t\t\t<div class=\"elementor-column elementor-col-50 elementor-inner-column elementor-element elementor-element-5c05117\" data-id=\"5c05117\" data-element_type=\"column\">\n\t\t\t<div class=\"elementor-widget-wrap elementor-element-populated\">\n\t\t\t\t\t\t<div class=\"elementor-element elementor-element-4bea655 elementor-widget elementor-widget-accordion\" data-id=\"4bea655\" data-element_type=\"widget\" data-widget_type=\"accordion.default\">\n\t\t\t\t<div class=\"elementor-widget-container\">\n\t\t\t\t\t\t\t<div class=\"elementor-accordion\">\n\t\t\t\t\t\t\t<div class=\"elementor-accordion-item\">\n\t\t\t\t\t<div id=\"elementor-tab-title-7961\" class=\"elementor-tab-title\" data-tab=\"1\" role=\"button\" aria-controls=\"elementor-tab-content-7961\" aria-expanded=\"false\">\n\t\t\t\t\t\t\t\t\t\t\t\t\t<span class=\"elementor-accordion-icon elementor-accordion-icon-left\" aria-hidden=\"true\">\n\t\t\t\t\t\t\t\t\t\t\t\t\t\t\t<span class=\"elementor-accordion-icon-closed\"><i class=\"fas fa-plus\"><\/i><\/span>\n\t\t\t\t\t\t\t\t<span class=\"elementor-accordion-icon-opened\"><i class=\"fas fa-minus\"><\/i><\/span>\n\t\t\t\t\t\t\t\t\t\t\t\t\t\t<\/span>\n\t\t\t\t\t\t\t\t\t\t\t\t<a class=\"elementor-accordion-title\" tabindex=\"0\">MEN\u00da COMIDA-CENA EMPRESA<\/a>\n\t\t\t\t\t<\/div>\n\t\t\t\t\t<div id=\"elementor-tab-content-7961\" class=\"elementor-tab-content elementor-clearfix\" data-tab=\"1\" role=\"region\" aria-labelledby=\"elementor-tab-title-7961\"><p><span style='display: none;' class='plubo-shortcode' data-tag='referent-menu'><\/span><p><b>MENU COMIDA-CENA\u00a0<\/b><\/p>\n<p>PICA-PICA (A compartir cada 4 personas)<\/p>\n<p>Surtido de embutidos ib\u00e9ricos y queso con pan con tomate y AOVE<\/p>\n<p>Croquetas de cocido<\/p>\n<p>Ensalada de Burrata con variados de tomates cherrys confitados y pesto<\/p>\n<p>Patatas paja con huevo y torreznos de Soria<\/p>\n<p>Gildas Antonio\u2019s<\/p>\n<p>SEGUNDO PLATO (A elegir)<\/p>\n<p>Filete de salm\u00f3n teriyaki con verduritas y arroz de sushi<\/p>\n<p>Solomillo de cerdo con salsa de oporto y patata a la forquilla<\/p>\n<p>Meloso de cerdo con salsa de ceps y cremoso de boniato<\/p>\n<p>Solomillo de ternera (200 gr) con salsa de oporto y patata a la forquilla (suplemento 4\u20ac)<\/p>\n<p>POSTRE Y CAF\u00c9<\/p>\n<p>La barra libre (cerveza, vino, agua, sangr\u00eda) empieza al principio de la cena y finaliza al<\/p>\n<p>servir los postres, al estar todos los comensales.<\/p>\n<p>Debido a que todo el producto es fresco del d\u00eda se agradecer\u00eda facilitar el mayor n\u00famero<\/p>\n<p>de segundos posibles.<\/p>\n<p>42\u20ac IVA INCLUIDO<\/p>\n<p><b>POSTRE CASERO Y CAF\u00c9<span class=\"Apple-converted-space\">\u00a0<\/span><\/b><\/p>\n<p>TIRAMIS\u00da, TARTA DE QUESO, PANNACOTA,MOUSSE DE QUESO FRIO Y LIMONCELLO, FRUTA, HELADOS ETC\u2026<\/p>\n<p><b>BODEGA<\/b><\/p>\n<p>BARRA LIBRE DE VINO (CLOS PRIMAT \u201cD.O EMPORDA\u201d BLANCO O NEGRO ), AGUA, REFRESCOS, CERVEZA, SANGRIA<span class=\"Apple-converted-space\">\u00a0<\/span><\/p>\n<p><b>Si tienes intolerancias o alergias pregunte al camarero. Al\u00e9rgenos e intolerancias Alimentar\u00eda seg\u00fan el Reglamento UE 1169\/2011 y RD 126\/2015<\/b><\/p>\n<p><b>La barra libre empieza cuando todos los comensales est\u00e1n sentados y se sirve el pica pica, finalizada cuando se retiran los segundos platos para servir los postres.<span class=\"Apple-converted-space\">\u00a0<\/span><\/b><\/p>\n<p><b>Los segundos platos se tienen que facilitar m\u00ednimo con 4 d\u00edas de antelaci\u00f3n.<span class=\"Apple-converted-space\">\u00a0<\/span><\/b><\/p>\n<p><b>El n\u00famero de comensales final se tiene que confirmar una vez se formalice la reserva, con un margen de 2 personas por arriba o por abajo.<span class=\"Apple-converted-space\">\u00a0<\/span><\/b><\/p>\n<\/p>\n<\/div>\n\t\t\t\t<\/div>\n\t\t\t\t\t\t\t<div class=\"elementor-accordion-item\">\n\t\t\t\t\t<div id=\"elementor-tab-title-7962\" class=\"elementor-tab-title\" data-tab=\"2\" role=\"button\" aria-controls=\"elementor-tab-content-7962\" aria-expanded=\"false\">\n\t\t\t\t\t\t\t\t\t\t\t\t\t<span class=\"elementor-accordion-icon elementor-accordion-icon-left\" aria-hidden=\"true\">\n\t\t\t\t\t\t\t\t\t\t\t\t\t\t\t<span class=\"elementor-accordion-icon-closed\"><i class=\"fas fa-plus\"><\/i><\/span>\n\t\t\t\t\t\t\t\t<span class=\"elementor-accordion-icon-opened\"><i class=\"fas fa-minus\"><\/i><\/span>\n\t\t\t\t\t\t\t\t\t\t\t\t\t\t<\/span>\n\t\t\t\t\t\t\t\t\t\t\t\t<a class=\"elementor-accordion-title\" tabindex=\"0\">MEN\u00da PAULA<\/a>\n\t\t\t\t\t<\/div>\n\t\t\t\t\t<div id=\"elementor-tab-content-7962\" class=\"elementor-tab-content elementor-clearfix\" data-tab=\"2\" role=\"region\" aria-labelledby=\"elementor-tab-title-7962\"><p><span style='display: none;' class='plubo-shortcode' data-tag='referent-menu'><\/span><p>&nbsp;<\/p>\n<h5><strong>MEN\u00da PAULA con barra libre 27\u20ac\u00a0<\/strong><\/h5>\n<p>&nbsp;<\/p>\n<p><strong>PICA-PICA (a compartir cada 4 personas)<\/strong><\/p>\n<ul>\n<li>Patatas bravas<\/li>\n<li>Surtido de embutidos y queso<\/li>\n<li>Huevos estrellados con patatas paja y jam\u00f3n<\/li>\n<li>Croquetas de \u00abcarn d\u2019olla\u00bb<\/li>\n<\/ul>\n<p><strong>SEGUNDO PLATO (a elegir)<\/strong><\/p>\n<ul>\n<li>Hamburguesa casera Antonio\u2019s 100% ternera<\/li>\n<li>Churrasco de ternera a la plancha<\/li>\n<li>Muslo de Pollo al horno<\/li>\n<li>Solomillo de cerdo al roquefort<\/li>\n<li>Pescado del d\u00eda<\/li>\n<\/ul>\n<p><strong>POSTRE\u00a0<\/strong><\/p>\n<p>&nbsp;<\/p>\n<p>El men\u00fa incluye,sangr\u00eda, cerveza,agua mineral y postre.<\/p>\n<p>La barra libre (cerveza, vino, agua, sangr\u00eda) empieza al principio de la cena y finaliza al servir los postres.<\/p>\n<p>No incluye ni refrescos ni caf\u00e9<\/p>\n<p>Si tienes intolerancias o alergias pregunte al camarero.<br \/>\nAl\u00e9rgenos e intolerancias Alimentar\u00eda seg\u00fan el Reglamento UE 1169\/2011 y RD 126\/2015<\/p>\n<p style=\"text-align: center;\">\n<p style=\"text-align: center;\"><strong> 27\u20ac con barra libre<\/strong><\/p>\n<p>&nbsp;<\/p>\n<p>&nbsp;<\/p>\n<hr \/>\n<p style=\"text-align: center;\">\n<\/p>\n<\/div>\n\t\t\t\t<\/div>\n\t\t\t\t\t\t\t<div class=\"elementor-accordion-item\">\n\t\t\t\t\t<div id=\"elementor-tab-title-7963\" class=\"elementor-tab-title\" data-tab=\"3\" role=\"button\" aria-controls=\"elementor-tab-content-7963\" aria-expanded=\"false\">\n\t\t\t\t\t\t\t\t\t\t\t\t\t<span class=\"elementor-accordion-icon elementor-accordion-icon-left\" aria-hidden=\"true\">\n\t\t\t\t\t\t\t\t\t\t\t\t\t\t\t<span class=\"elementor-accordion-icon-closed\"><i class=\"fas fa-plus\"><\/i><\/span>\n\t\t\t\t\t\t\t\t<span class=\"elementor-accordion-icon-opened\"><i class=\"fas fa-minus\"><\/i><\/span>\n\t\t\t\t\t\t\t\t\t\t\t\t\t\t<\/span>\n\t\t\t\t\t\t\t\t\t\t\t\t<a class=\"elementor-accordion-title\" tabindex=\"0\">MEN\u00da TRENCADIS<\/a>\n\t\t\t\t\t<\/div>\n\t\t\t\t\t<div id=\"elementor-tab-content-7963\" class=\"elementor-tab-content elementor-clearfix\" data-tab=\"3\" role=\"region\" aria-labelledby=\"elementor-tab-title-7963\"><p><span style='display: none;' class='plubo-shortcode' data-tag='referent-menu'><\/span><p><strong>PICA-PICA (a compartir cada 4 personas)<\/strong><\/p>\n<ul>\n<li>EMBUTIDOS Y QUESO CON PAN CON TOMATE<\/li>\n<li>MEZCLUM CON QUESO DE CABRA<\/li>\n<li>CROQUETAS DE COCIDO<\/li>\n<li>PATATAS PAJA CON HUEVO, BUTIFARRA Y ACEITE DE TRUFA<\/li>\n<\/ul>\n<p><strong>SEGUNDO PLATO (a elegir)<\/strong><\/p>\n<ul>\n<li>CARRILLERA AL HORNO CON PATATAS Y VERDURITAS AL HORNO<\/li>\n<li>AT\u00daN FRESCO A LA PLANCHA<\/li>\n<li>SOLOMILLO DE CERDO CON SALSA DE QUESO AZUL<\/li>\n<li>LUBINA FRESCA A LA PLANCHA CON SU GUARNICI\u00d3N<\/li>\n<\/ul>\n<p><strong>POSTRE Y CAF\u00c9<\/strong><\/p>\n<p>&nbsp;<\/p>\n<p>El men\u00fa incluye postre.<\/p>\n<p>La barra libre (cerveza, vino, agua, sangria y refrescos incluidos)empieza al principio de la cena o comida con los comensales en mesa y finaliza al servir los postres.<\/p>\n<p>Se deber\u00e1n comunicar los segundos platos con cuatro d\u00edas de antelaci\u00f3n. Las cancelaciones se deber\u00e1n comunicar con 24 horas de antelaci\u00f3n m\u00ednimo.<\/p>\n<p>Si tienes intolerancias o alergias pregunte al camarero.<br \/>\nAl\u00e9rgenos e intolerancias Alimentar\u00eda seg\u00fan el Reglamento UE 1169\/2011 y RD 126\/2015<\/p>\n<hr \/>\n<p style=\"text-align: center;\"><strong>30\u20ac IVA INCLUIDO<\/strong><\/p>\n<hr \/>\n<p style=\"text-align: center;\">\n<\/p>\n<\/div>\n\t\t\t\t<\/div>\n\t\t\t\t\t\t\t<div class=\"elementor-accordion-item\">\n\t\t\t\t\t<div id=\"elementor-tab-title-7964\" class=\"elementor-tab-title\" data-tab=\"4\" role=\"button\" aria-controls=\"elementor-tab-content-7964\" aria-expanded=\"false\">\n\t\t\t\t\t\t\t\t\t\t\t\t\t<span class=\"elementor-accordion-icon elementor-accordion-icon-left\" aria-hidden=\"true\">\n\t\t\t\t\t\t\t\t\t\t\t\t\t\t\t<span class=\"elementor-accordion-icon-closed\"><i class=\"fas fa-plus\"><\/i><\/span>\n\t\t\t\t\t\t\t\t<span class=\"elementor-accordion-icon-opened\"><i class=\"fas fa-minus\"><\/i><\/span>\n\t\t\t\t\t\t\t\t\t\t\t\t\t\t<\/span>\n\t\t\t\t\t\t\t\t\t\t\t\t<a class=\"elementor-accordion-title\" tabindex=\"0\">MEN\u00da TRENCADIS PLUS<\/a>\n\t\t\t\t\t<\/div>\n\t\t\t\t\t<div id=\"elementor-tab-content-7964\" class=\"elementor-tab-content elementor-clearfix\" data-tab=\"4\" role=\"region\" aria-labelledby=\"elementor-tab-title-7964\"><p><span style='display: none;' class='plubo-shortcode' data-tag='referent-menu'><\/span><p><strong>PICA-PICA (a compartir cada 4 personas)<\/strong><\/p>\n<ul>\n<li>EMBUTIDOS IBERICOS Y QUESO CON PAN CON TOMATE<\/li>\n<li>MEZCLUM CON QUESO DE CABRA<\/li>\n<li>CROQUETAS DE COCIDO<\/li>\n<li>PATATAS PAJA CON HUEVO, BUTIFARRA Y ACEITE DE TRUFA<\/li>\n<\/ul>\n<p><strong>SEGUNDO PLATO (a elegir)<\/strong><\/p>\n<ul>\n<li>ENTRECOT DE GIRONA DE 250 GRAMOS APROX<\/li>\n<li>CARRILLERA AL HORNO CON PATATAS Y VERDURITAS AL HORNO<\/li>\n<li>AT\u00daN FRESCO A LA PLANCHA<\/li>\n<li>SOLOMILLO DE CERDO CON SALSA DE QUESO AZUL<\/li>\n<li>LUBINA FRESCA A LA PLANCHA CON SU GUARNICI\u00d3N<\/li>\n<\/ul>\n<p><strong>POSTRE Y CAF\u00c9<\/strong><\/p>\n<p>&nbsp;<\/p>\n<p>El men\u00fa incluye postre.<\/p>\n<p>La barra libre (cerveza, vino DO Catalunya, agua, sangria y refrescos incluidos) empieza al principio de la cena con los comensales en mesa y finaliza al servir los postres.<\/p>\n<p>Se incluye cafe cortado infusi\u00f3n o carajillo y chupito de licor de hierbas<\/p>\n<p>Se deber\u00e1n comunicar los segundos platos con cuatro d\u00edas de antelaci\u00f3n. Las cancelaciones se deber\u00e1n comunicar con 24 horas de antelaci\u00f3n m\u00ednimo.<\/p>\n<p>Si tienes intolerancias o alergias pregunte al camarero.<br \/>\nAl\u00e9rgenos e intolerancias Alimentar\u00eda seg\u00fan el Reglamento UE 1169\/2011 y RD 126\/2015<\/p>\n<hr \/>\n<p style=\"text-align: center;\"><strong>35 \u20ac IVA INCLUIDO<\/strong><\/p>\n<\/p>\n<\/div>\n\t\t\t\t<\/div>\n\t\t\t\t\t\t\t<div class=\"elementor-accordion-item\">\n\t\t\t\t\t<div id=\"elementor-tab-title-7965\" class=\"elementor-tab-title\" data-tab=\"5\" role=\"button\" aria-controls=\"elementor-tab-content-7965\" aria-expanded=\"false\">\n\t\t\t\t\t\t\t\t\t\t\t\t\t<span class=\"elementor-accordion-icon elementor-accordion-icon-left\" aria-hidden=\"true\">\n\t\t\t\t\t\t\t\t\t\t\t\t\t\t\t<span class=\"elementor-accordion-icon-closed\"><i class=\"fas fa-plus\"><\/i><\/span>\n\t\t\t\t\t\t\t\t<span class=\"elementor-accordion-icon-opened\"><i class=\"fas fa-minus\"><\/i><\/span>\n\t\t\t\t\t\t\t\t\t\t\t\t\t\t<\/span>\n\t\t\t\t\t\t\t\t\t\t\t\t<a class=\"elementor-accordion-title\" tabindex=\"0\">MEN\u00da VEGANO<\/a>\n\t\t\t\t\t<\/div>\n\t\t\t\t\t<div id=\"elementor-tab-content-7965\" class=\"elementor-tab-content elementor-clearfix\" data-tab=\"5\" role=\"region\" aria-labelledby=\"elementor-tab-title-7965\"><p><span style='display: none;' class='plubo-shortcode' data-tag='referent-menu'><\/span><p>actualizando&#8230;.<\/p>\n<hr \/>\n<hr \/>\n<p style=\"text-align: center;\">\n<\/p>\n<\/div>\n\t\t\t\t<\/div>\n\t\t\t\t\t\t\t\t<\/div>\n\t\t\t\t\t\t<\/div>\n\t\t\t\t<\/div>\n\t\t\t\t\t<\/div>\n\t\t<\/div>\n\t\t\t\t\t<\/div>\n\t\t<\/section>\n\t\t\t\t\t<\/div>\n\t\t<\/div>\n\t\t\t\t\t<\/div>\n\t\t<\/section>\n\t\t\t\t<section class=\"elementor-section elementor-top-section elementor-element elementor-element-b475830 elementor-section-boxed elementor-section-height-default elementor-section-height-default\" data-id=\"b475830\" data-element_type=\"section\" data-settings=\"{&quot;background_background&quot;:&quot;classic&quot;}\">\n\t\t\t\t\t\t<div class=\"elementor-container elementor-column-gap-default\">\n\t\t\t\t\t<div class=\"elementor-column elementor-col-100 elementor-top-column elementor-element elementor-element-5de1077\" data-id=\"5de1077\" data-element_type=\"column\">\n\t\t\t<div class=\"elementor-widget-wrap elementor-element-populated\">\n\t\t\t\t\t\t<div class=\"elementor-element elementor-element-df3a326 elementor-widget-divider--view-line elementor-widget elementor-widget-divider\" data-id=\"df3a326\" data-element_type=\"widget\" data-widget_type=\"divider.default\">\n\t\t\t\t<div class=\"elementor-widget-container\">\n\t\t\t\t\t\t\t<div class=\"elementor-divider\">\n\t\t\t<span class=\"elementor-divider-separator\">\n\t\t\t\t\t\t<\/span>\n\t\t<\/div>\n\t\t\t\t\t\t<\/div>\n\t\t\t\t<\/div>\n\t\t\t\t\t<\/div>\n\t\t<\/div>\n\t\t\t\t\t<\/div>\n\t\t<\/section>\n\t\t\t\t<section class=\"elementor-section elementor-top-section elementor-element elementor-element-1008f948 elementor-section-boxed elementor-section-height-default elementor-section-height-default\" data-id=\"1008f948\" data-element_type=\"section\" data-settings=\"{&quot;background_background&quot;:&quot;classic&quot;}\">\n\t\t\t\t\t\t<div class=\"elementor-container elementor-column-gap-no\">\n\t\t\t\t\t<div class=\"elementor-column elementor-col-100 elementor-top-column elementor-element elementor-element-8db7263\" data-id=\"8db7263\" data-element_type=\"column\">\n\t\t\t<div class=\"elementor-widget-wrap elementor-element-populated\">\n\t\t\t\t\t\t<div class=\"elementor-element elementor-element-577a482d elementor-widget elementor-widget-heading\" data-id=\"577a482d\" data-element_type=\"widget\" data-widget_type=\"heading.default\">\n\t\t\t\t<div class=\"elementor-widget-container\">\n\t\t\t\t\t<h2 class=\"elementor-heading-title elementor-size-default\">RESERVA TU MESA<\/h2>\t\t\t\t<\/div>\n\t\t\t\t<\/div>\n\t\t\t\t<div class=\"elementor-element elementor-element-34c620bd elementor-widget elementor-widget-text-editor\" data-id=\"34c620bd\" data-element_type=\"widget\" data-widget_type=\"text-editor.default\">\n\t\t\t\t<div class=\"elementor-widget-container\">\n\t\t\t\t\t\t\t\t\t<p>Haz tu reserva ahora llamada por tel\u00e9fono o rellenando nuestro formulario de solicitud de reserva, te responderemos lo antes posible.<\/p>\n\t\t\t\t\t\t\t\t<\/div>\n\t\t\t\t<\/div>\n\t\t\t\t<div class=\"elementor-element elementor-element-1606b575 elementor-align-center elementor-widget elementor-widget-button\" data-id=\"1606b575\" data-element_type=\"widget\" data-widget_type=\"button.default\">\n\t\t\t\t<div class=\"elementor-widget-container\">\n\t\t\t\t\t\t\t\t\t<div class=\"elementor-button-wrapper\">\n\t\t\t\t\t<a class=\"elementor-button elementor-button-link elementor-size-sm\" href=\"https:\/\/antonios.es\/es\/reservas\/\">\n\t\t\t\t\t\t<span class=\"elementor-button-content-wrapper\">\n\t\t\t\t\t\t\t\t\t<span class=\"elementor-button-text\">Quiero mesa<\/span>\n\t\t\t\t\t<\/span>\n\t\t\t\t\t<\/a>\n\t\t\t\t<\/div>\n\t\t\t\t\t\t\t\t<\/div>\n\t\t\t\t<\/div>\n\t\t\t\t<div class=\"elementor-element elementor-element-6c69c34d elementor-widget elementor-widget-heading\" data-id=\"6c69c34d\" data-element_type=\"widget\" data-widget_type=\"heading.default\">\n\t\t\t\t<div class=\"elementor-widget-container\">\n\t\t\t\t\t<h6 class=\"elementor-heading-title elementor-size-default\">Tel\u00e9fonos para reservas<\/h6>\t\t\t\t<\/div>\n\t\t\t\t<\/div>\n\t\t\t\t<div class=\"elementor-element elementor-element-8d8e858 elementor-widget elementor-widget-heading\" data-id=\"8d8e858\" data-element_type=\"widget\" data-widget_type=\"heading.default\">\n\t\t\t\t<div class=\"elementor-widget-container\">\n\t\t\t\t\t<div class=\"elementor-heading-title elementor-size-default\"><a href=\"#\">932 25 13 29<\/a><\/div>\t\t\t\t<\/div>\n\t\t\t\t<\/div>\n\t\t\t\t<div class=\"elementor-element elementor-element-3cc6cf90 elementor-widget elementor-widget-heading\" data-id=\"3cc6cf90\" data-element_type=\"widget\" data-widget_type=\"heading.default\">\n\t\t\t\t<div class=\"elementor-widget-container\">\n\t\t\t\t\t<div class=\"elementor-heading-title elementor-size-default\"><a href=\"#\">610 641 457<\/a><\/div>\t\t\t\t<\/div>\n\t\t\t\t<\/div>\n\t\t\t\t\t<\/div>\n\t\t<\/div>\n\t\t\t\t\t<\/div>\n\t\t<\/section>\n\t\t\t\t<\/div>\n\t\t","protected":false},"excerpt":{"rendered":"<p>Menus Grupos MEN\u00da COMIDA-CENA EMPRESA MENU COMIDA-CENA\u00a0 PICA-PICA (A compartir cada 4 personas) Surtido de embutidos ib\u00e9ricos y queso con pan con tomate y AOVE Croquetas de cocido Ensalada de Burrata con variados de tomates cherrys confitados y pesto Patatas paja con huevo y torreznos de Soria Gildas Antonio\u2019s SEGUNDO PLATO (A elegir) Filete de [&hellip;]<\/p>\n","protected":false},"author":1,"featured_media":0,"parent":0,"menu_order":0,"comment_status":"closed","ping_status":"closed","template":"","meta":{"site-sidebar-layout":"no-sidebar","site-content-layout":"page-builder","ast-site-content-layout":"","site-content-style":"default","site-sidebar-style":"default","ast-global-header-display":"","ast-banner-title-visibility":"","ast-main-header-display":"","ast-hfb-above-header-display":"","ast-hfb-below-header-display":"","ast-hfb-mobile-header-display":"","site-post-title":"disabled","ast-breadcrumbs-content":"","ast-featured-img":"disabled","footer-sml-layout":"","theme-transparent-header-meta":"enabled","adv-header-id-meta":"","stick-header-meta":"","header-above-stick-meta":"","header-main-stick-meta":"","header-below-stick-meta":"","astra-migrate-meta-layouts":"default","ast-page-background-enabled":"default","ast-page-background-meta":{"desktop":{"background-color":"","background-image":"","background-repeat":"repeat","background-position":"center center","background-size":"auto","background-attachment":"scroll","background-type":"","background-media":"","overlay-type":"","overlay-color":"","overlay-opacity":"","overlay-gradient":""},"tablet":{"background-color":"","background-image":"","background-repeat":"repeat","background-position":"center center","background-size":"auto","background-attachment":"scroll","background-type":"","background-media":"","overlay-type":"","overlay-color":"","overlay-opacity":"","overlay-gradient":""},"mobile":{"background-color":"","background-image":"","background-repeat":"repeat","background-position":"center center","background-size":"auto","background-attachment":"scroll","background-type":"","background-media":"","overlay-type":"","overlay-color":"","overlay-opacity":"","overlay-gradient":""}},"ast-content-background-meta":{"desktop":{"background-color":"var(--ast-global-color-5)","background-image":"","background-repeat":"repeat","background-position":"center center","background-size":"auto","background-attachment":"scroll","background-type":"","background-media":"","overlay-type":"","overlay-color":"","overlay-opacity":"","overlay-gradient":""},"tablet":{"background-color":"var(--ast-global-color-5)","background-image":"","background-repeat":"repeat","background-position":"center center","background-size":"auto","background-attachment":"scroll","background-type":"","background-media":"","overlay-type":"","overlay-color":"","overlay-opacity":"","overlay-gradient":""},"mobile":{"background-color":"var(--ast-global-color-5)","background-image":"","background-repeat":"repeat","background-position":"center center","background-size":"auto","background-attachment":"scroll","background-type":"","background-media":"","overlay-type":"","overlay-color":"","overlay-opacity":"","overlay-gradient":""}},"footnotes":""},"class_list":["post-1301","page","type-page","status-publish","hentry"],"_links":{"self":[{"href":"https:\/\/antonios.es\/es\/wp-json\/wp\/v2\/pages\/1301","targetHints":{"allow":["GET"]}}],"collection":[{"href":"https:\/\/antonios.es\/es\/wp-json\/wp\/v2\/pages"}],"about":[{"href":"https:\/\/antonios.es\/es\/wp-json\/wp\/v2\/types\/page"}],"author":[{"embeddable":true,"href":"https:\/\/antonios.es\/es\/wp-json\/wp\/v2\/users\/1"}],"replies":[{"embeddable":true,"href":"https:\/\/antonios.es\/es\/wp-json\/wp\/v2\/comments?post=1301"}],"version-history":[{"count":7,"href":"https:\/\/antonios.es\/es\/wp-json\/wp\/v2\/pages\/1301\/revisions"}],"predecessor-version":[{"id":1872,"href":"https:\/\/antonios.es\/es\/wp-json\/wp\/v2\/pages\/1301\/revisions\/1872"}],"wp:attachment":[{"href":"https:\/\/antonios.es\/es\/wp-json\/wp\/v2\/media?parent=1301"}],"curies":[{"name":"wp","href":"https:\/\/api.w.org\/{rel}","templated":true}]}}