{"id":1678,"date":"2023-03-17T07:34:36","date_gmt":"2023-03-17T07:34:36","guid":{"rendered":"https:\/\/antonios.es\/aviso-legal-y-politica-de-privacidad\/"},"modified":"2024-04-25T12:34:22","modified_gmt":"2024-04-25T12:34:22","slug":"aviso-legal-y-politica-de-privacidad","status":"publish","type":"page","link":"https:\/\/antonios.es\/es\/aviso-legal-y-politica-de-privacidad\/","title":{"rendered":"Aviso legal y pol\u00edtica de privacidad"},"content":{"rendered":"\t\t<div data-elementor-type=\"wp-page\" data-elementor-id=\"1678\" class=\"elementor elementor-1678 elementor-809\">\n\t\t\t\t\t\t<section class=\"elementor-section elementor-top-section elementor-element elementor-element-d13c074 elementor-section-boxed elementor-section-height-default elementor-section-height-default\" data-id=\"d13c074\" data-element_type=\"section\">\n\t\t\t\t\t\t<div class=\"elementor-container elementor-column-gap-default\">\n\t\t\t\t\t<div class=\"elementor-column elementor-col-100 elementor-top-column elementor-element elementor-element-af04d95\" data-id=\"af04d95\" data-element_type=\"column\">\n\t\t\t<div class=\"elementor-widget-wrap elementor-element-populated\">\n\t\t\t\t\t\t<div class=\"elementor-element elementor-element-724e6f1 elementor-widget elementor-widget-text-editor\" data-id=\"724e6f1\" data-element_type=\"widget\" data-widget_type=\"text-editor.default\">\n\t\t\t\t<div class=\"elementor-widget-container\">\n\t\t\t\t\t\t\t\t\t<p><strong>Aviso legal y pol\u00edtica de privacidad<\/strong><\/p>\n<p><strong>Datos de la empresa<\/strong><\/p>\n<p>En cumplimiento del art\u00edculo 10 de la Ley 34\/2002, de 11 de julio, de Servicios de la Sociedad de la Informaci\u00f3n y Comercio Electr\u00f3nico, a continuaci\u00f3n se exponen los datos identificativos de la empresa.<\/p>\n<p>JOS\u00c9 ANTONIO VALERO GOMIZ<br \/>Domicilio social:<br \/>C\/ Badajoz, 44, Local 1<br \/>08005 Barcelona<br \/>T 93 225 13 29 \/ 610 641 457<br \/>info@antonios.es<br \/>46037081M<\/p>\n<p>El acceso al sitio web www.antonios.es de Jos\u00e9 Antonio Valero Gomiz (en adelante Antonio\u2019s) implica la aceptaci\u00f3n de todas las condiciones siguientes:<\/p>\n<p><strong>Propiedad Intelectual<\/strong><\/p>\n<p>Los contenidos de este sitio web, textos, im\u00e1genes, etc. as\u00ed como su dise\u00f1o gr\u00e1fico y su c\u00f3digo fuente est\u00e1n protegidos por la legislaci\u00f3n espa\u00f1ola sobre los derechos de propiedad intelectual e industrial a favor de Antonio\u2019s. Quedando por tanto totalmente prohibida su reproducci\u00f3n, distribuci\u00f3n o comunicaci\u00f3n p\u00fablica, total o parcial, sin la autorizaci\u00f3n expresa de Antonio\u2019s.<\/p>\n<p><strong>Contenido de la Web<\/strong><\/p>\n<p>Antonio\u2019s no se responsabiliza del mal uso que se realice de los contenidos de nuestra p\u00e1gina web, siendo exclusiva responsabilidad de la persona que accede a ellos o los utiliza.<\/p>\n<p><strong>Actualizaci\u00f3n y modificaci\u00f3n de la p\u00e1gina Web<\/strong><\/p>\n<p>Antonio\u2019s se reserva el derecho a modificar o eliminar, sin previo aviso, tanto la informaci\u00f3n contenida en su sitio Web, as\u00ed como su configuraci\u00f3n y presentaci\u00f3n, sin asumir responsabilidad alguna por ello.<\/p>\n<p><strong>Indicaciones sobre aspectos t\u00e9cnicos<\/strong><\/p>\n<p>Antonio\u2019s no asume ninguna responsabilidad que se pueda derivar de problemas t\u00e9cnicos o fallos en los equipos inform\u00e1ticos que se produzcan durante la conexi\u00f3n a la red de Internet, as\u00ed como de da\u00f1os que pudieran ser causados por terceras personas mediante intromisiones ileg\u00edtimas fuera del control de Antonio\u2019s.<\/p>\n<p>Tambi\u00e9n quedamos exonerados de toda responsabilidad ante posibles da\u00f1os o perjuicios que pueda sufrir el usuario a consecuencia de errores, defectos u omisiones en la informaci\u00f3n que facilitemos cuando proceda de fuentes ajenas a nosotros.<\/p>\n<p><strong>Pol\u00edtica de Privacidad y Protecci\u00f3n de Datos<\/strong><\/p>\n<p>De conformidad con lo establecido en la normativa de Protecci\u00f3n de Datos de Car\u00e1cter Personal, le informamos que los datos que nos facilite mediante la cumplimentaci\u00f3n del presente documento pasar\u00e1n a formar parte del tratamiento de datos de <strong>jose antonio valero gomiz<\/strong> titular del establecimiento <strong>\u201cANTONIO\u2019S\u201d<\/strong> y ser\u00e1n utilizados con finalidades informativas, conserv\u00e1ndose de forma indefinida y no ser\u00e1n cedidos a terceros. Asimismo le informamos de que puede ejercitar sus derechos de acceso, rectificaci\u00f3n, cancelaci\u00f3n, limitaci\u00f3n, portabilidad y oposici\u00f3n en <strong>C\/ Badajoz, 44, Local 1, CP 08005 de Barcelona,<\/strong> y en su caso podr\u00e1 presentar una reclamaci\u00f3n ante la Autoridad de control competente<strong>.<\/strong> De acuerdo con la Ley 34\/2002, de Servicios de la Sociedad de la Informaci\u00f3n y de Comercio Electr\u00f3nico, acepta expresamente recibir informaci\u00f3n comercial. En ning\u00fan caso la revocaci\u00f3n para el env\u00edo de informaci\u00f3n condiciona la ejecuci\u00f3n de los compromisos asumidos.<\/p>\n<p><strong>INFORMACI\u00d3N B\u00c1SICA SOBRE EL R\u00c9GIMEN DE PROTECCI\u00d3N DE DATOS PERSONALES WEB.<\/strong><\/p>\n<p><strong><u>Responsable<\/u><\/strong>: <strong>jose antonio valero gomiz<\/strong>, provisto de CIF 46037081M, con domicilio social: <strong>C\/ Badajoz, 44, Local 1, CP 08005 de Barcelona<\/strong> y nombre comercial <strong>\u201cANTONIO\u2019S\u201d.<\/strong><\/p>\n<p><strong><u>Finalidades y legitimaci\u00f3n<\/u><\/strong>: La finalidad principal es tramitar y gestionar su solicitud, reservas u informaci\u00f3n que se deriven de la solicitud de contacto con ANTONIO\u2019S, las cuales pueden comportar el env\u00edo de comunicaciones comerciales electr\u00f3nicas.<\/p>\n<p>La base de su legitimaci\u00f3n es su propia solicitud (Art 6.1.a RGPD).<\/p>\n<p>Los datos se mantendr\u00e1n hasta una vez finalizada la relaci\u00f3n y el intercambio de informaci\u00f3n, iniciado con la consulta.<\/p>\n<p><strong><u>Destinatarios<\/u><\/strong>: no se ceder\u00e1n datos a terceros salvo obligaci\u00f3n legal o en el caso que haya otorgado su consentimiento en virtud de un acuerdo espec\u00edfico con el responsable.<\/p>\n<p>No est\u00e1n previstas transferencias internacionales.<\/p>\n<p><strong><u>Procedencia de los datos<\/u><\/strong>: Facilitados por el interesado.<\/p>\n<p><strong><u>Derechos<\/u><\/strong>: puede dirigirse por escrito a nuestro domicilio social con la finalidad obtener informaci\u00f3n adicional y de ejercitar los derechos de acceso, rectificaci\u00f3n, oposici\u00f3n, supresi\u00f3n, limitaci\u00f3n y portabilidad y para ejercitar el derecho a oponerse a decisiones individuales automatizadas que puedan afectarle significativamente o comportarle efectos jur\u00eddicos, de acuerdo con el art\u00edculo 22 del Reglamento de la UE 2016\/679.<\/p><\/p>\n\t\t\t\t\t\t\t\t<\/div>\n\t\t\t\t<\/div>\n\t\t\t\t\t<\/div>\n\t\t<\/div>\n\t\t\t\t\t<\/div>\n\t\t<\/section>\n\t\t\t\t<\/div>\n\t\t","protected":false},"excerpt":{"rendered":"<p>Aviso legal y pol\u00edtica de privacidad Datos de la empresa En cumplimiento del art\u00edculo 10 de la Ley 34\/2002, de 11 de julio, de Servicios de la Sociedad de la Informaci\u00f3n y Comercio Electr\u00f3nico, a continuaci\u00f3n se exponen los datos identificativos de la empresa. JOS\u00c9 ANTONIO VALERO GOMIZDomicilio social:C\/ Badajoz, 44, Local 108005 BarcelonaT 93 [&hellip;]<\/p>\n","protected":false},"author":1,"featured_media":0,"parent":0,"menu_order":0,"comment_status":"closed","ping_status":"closed","template":"","meta":{"site-sidebar-layout":"no-sidebar","site-content-layout":"page-builder","ast-site-content-layout":"","site-content-style":"default","site-sidebar-style":"default","ast-global-header-display":"","ast-banner-title-visibility":"","ast-main-header-display":"","ast-hfb-above-header-display":"","ast-hfb-below-header-display":"","ast-hfb-mobile-header-display":"","site-post-title":"disabled","ast-breadcrumbs-content":"","ast-featured-img":"disabled","footer-sml-layout":"","theme-transparent-header-meta":"","adv-header-id-meta":"","stick-header-meta":"","header-above-stick-meta":"","header-main-stick-meta":"","header-below-stick-meta":"","astra-migrate-meta-layouts":"default","ast-page-background-enabled":"default","ast-page-background-meta":{"desktop":{"background-color":"","background-image":"","background-repeat":"repeat","background-position":"center center","background-size":"auto","background-attachment":"scroll","background-type":"","background-media":"","overlay-type":"","overlay-color":"","overlay-opacity":"","overlay-gradient":""},"tablet":{"background-color":"","background-image":"","background-repeat":"repeat","background-position":"center center","background-size":"auto","background-attachment":"scroll","background-type":"","background-media":"","overlay-type":"","overlay-color":"","overlay-opacity":"","overlay-gradient":""},"mobile":{"background-color":"","background-image":"","background-repeat":"repeat","background-position":"center center","background-size":"auto","background-attachment":"scroll","background-type":"","background-media":"","overlay-type":"","overlay-color":"","overlay-opacity":"","overlay-gradient":""}},"ast-content-background-meta":{"desktop":{"background-color":"var(--ast-global-color-5)","background-image":"","background-repeat":"repeat","background-position":"center center","background-size":"auto","background-attachment":"scroll","background-type":"","background-media":"","overlay-type":"","overlay-color":"","overlay-opacity":"","overlay-gradient":""},"tablet":{"background-color":"var(--ast-global-color-5)","background-image":"","background-repeat":"repeat","background-position":"center center","background-size":"auto","background-attachment":"scroll","background-type":"","background-media":"","overlay-type":"","overlay-color":"","overlay-opacity":"","overlay-gradient":""},"mobile":{"background-color":"var(--ast-global-color-5)","background-image":"","background-repeat":"repeat","background-position":"center center","background-size":"auto","background-attachment":"scroll","background-type":"","background-media":"","overlay-type":"","overlay-color":"","overlay-opacity":"","overlay-gradient":""}},"footnotes":""},"class_list":["post-1678","page","type-page","status-publish","hentry"],"_links":{"self":[{"href":"https:\/\/antonios.es\/es\/wp-json\/wp\/v2\/pages\/1678","targetHints":{"allow":["GET"]}}],"collection":[{"href":"https:\/\/antonios.es\/es\/wp-json\/wp\/v2\/pages"}],"about":[{"href":"https:\/\/antonios.es\/es\/wp-json\/wp\/v2\/types\/page"}],"author":[{"embeddable":true,"href":"https:\/\/antonios.es\/es\/wp-json\/wp\/v2\/users\/1"}],"replies":[{"embeddable":true,"href":"https:\/\/antonios.es\/es\/wp-json\/wp\/v2\/comments?post=1678"}],"version-history":[{"count":3,"href":"https:\/\/antonios.es\/es\/wp-json\/wp\/v2\/pages\/1678\/revisions"}],"predecessor-version":[{"id":1681,"href":"https:\/\/antonios.es\/es\/wp-json\/wp\/v2\/pages\/1678\/revisions\/1681"}],"wp:attachment":[{"href":"https:\/\/antonios.es\/es\/wp-json\/wp\/v2\/media?parent=1678"}],"curies":[{"name":"wp","href":"https:\/\/api.w.org\/{rel}","templated":true}]}}